{"id":240943,"date":"2023-05-22T20:01:56","date_gmt":"2023-05-23T00:01:56","guid":{"rendered":"https:\/\/wefamilystaging.flywheelsites.com\/important-disclosures-and-disclaimers\/"},"modified":"2026-02-09T09:59:50","modified_gmt":"2026-02-09T14:59:50","slug":"divulgaciones-y-exenciones-de-responsabilidad","status":"publish","type":"page","link":"https:\/\/www.wefamilyoffices.com\/es\/divulgaciones-y-exenciones-de-responsabilidad\/","title":{"rendered":"Divulgaciones y Exenciones de Responsabilidad Importantes"},"content":{"rendered":"<h1>Divulgaciones y Exenciones de Responsabilidad Importantes<\/h1>\n<p>Los puntos de vista, opiniones y recomendaciones expresadas aqu\u00ed est\u00e1n sujetas a cambios sin previo aviso y solo tienen fines informativos y no deben considerarse como un consejo de inversi\u00f3n ni una oferta de ning\u00fan valor o servicio en venta. WE Family Offices, LLC (\u201cWE\u201d) y sus representantes no son sus asesores de inversiones a menos que se celebre un contrato de servicios de asesor\u00eda por escrito. Este material puede no considerar el objetivo de inversi\u00f3n espec\u00edfico, la situaci\u00f3n financiera o las necesidades particulares de ning\u00fan destinatario.<\/p>\n<p>Cuando WE, como asesor de inversiones, brinda asesoramiento de inversi\u00f3n personalizado a los clientes en funci\u00f3n de sus habilidades de inversi\u00f3n y capacidad anal\u00edtica, existe la posibilidad de que dicho asesoramiento de inversi\u00f3n no sea exitoso o no cumpla con las expectativas y que las decisiones subjetivas tomadas por dicho asesor de inversiones puedan ocasionar que un cliente incurra en p\u00e9rdidas o pueda perder oportunidades de ganar. De manera similar, el riesgo de asignaci\u00f3n de activos es el riesgo en el que WE recomienda la asignaci\u00f3n de los activos de un cliente a una clase de activos o servicios que tiene un rendimiento inferior a otras clases de activos o mandatos. Por ejemplo, los valores de renta fija pueden tener un rendimiento inferior a la renta variable en ocasiones y, en otras ocasiones, la renta variable puede tener un rendimiento inferior a los valores de renta fija. Adem\u00e1s, algunas clases de activos pueden ser menos l\u00edquidas o proporcionar menos protecci\u00f3n contra diversos riesgos que otras clases de activos.<\/p>\n<p>Tal como se utilizan en este documento, las clasificaciones de inversi\u00f3n &#8220;Mercados Privados&#8221; e &#8220;Il\u00edquidos&#8221; generalmente abarcan inversiones distintas a las acciones, bonos y efectivo tradicionales, e incluyen fondos de cobertura, fondos de fondos, colocaciones privadas, capital privado y fondos inmobiliarios. Estas inversiones privadas a menudo ser\u00e1n menos l\u00edquidas que las inversiones tradicionales y los reembolsos de tales inversiones a menudo implican retenciones y otras restricciones en el momento del reembolso. Las colocaciones privadas, las sociedades limitadas, los fondos de cobertura, los fondos de fondos u otros tipos de estos veh\u00edculos de inversi\u00f3n suelen ser il\u00edquidos, a menudo durante largos per\u00edodos de tiempo, es decir, a\u00f1os. Los t\u00e9rminos que rigen estas inversiones generalmente prev\u00e9n per\u00edodos de notificaci\u00f3n de reembolso significativos, per\u00edodos de bloqueo y retenciones al reembolso, restricciones de reventa y otras disposiciones que impiden la pronta liquidaci\u00f3n de estas inversiones. Las inversiones privadas tambi\u00e9n est\u00e1n sujetas a los t\u00e9rminos de los documentos de gobernanza para cualquier veh\u00edculo de inversi\u00f3n privada, seg\u00fan corresponda.<\/p>\n<p>Tal como se utilizan en este documento, &#8220;Activos no financieros&#8221; generalmente abarca activos reales que son proporcionados directamente por el cliente, es decir, no un custodio, banco o corredor. En tales casos y para fines de informes, WE conf\u00eda en que el cliente proporcione precios actuales y precisos u otra informaci\u00f3n de valoraci\u00f3n para que esos activos se incluyan y valoren con precisi\u00f3n en el informe. WE no verifica, ni es responsable de, la exactitud de dichos valores que los clientes nos brindan. Simplemente al incorporar los valores que nos proporciona el Cliente, WE no asume ninguna responsabilidad por dicha informaci\u00f3n, incluida su completitud y precisi\u00f3n.<\/p>\n<p>De acuerdo con las reglas de la Circular 230 del Departamento del Tesoro, cualquier informaci\u00f3n en esta presentaci\u00f3n relacionada con los impuestos federales y el uso de t\u00e9rminos como &#8220;planificaci\u00f3n fiscal&#8221; no est\u00e1 destinada ni escrita para ser utilizada, y no puede ser utilizada por usted ni por ninguna otra persona, con el prop\u00f3sito de (i) evitar cualquier sanci\u00f3n que pueda ser impuesta por el C\u00f3digo de Rentas Internas, y (ii) promover, comercializar o recomendar a otra parte cualquier transacci\u00f3n o asunto tratado en este documento.<\/p>\n<p>Este sitio web no constituye provisi\u00f3n de asesoramiento legal, fiscal o de inversi\u00f3n a ninguna persona. Consulte con su asesor fiscal sobre las implicaciones fiscales de la informaci\u00f3n presentada en esta presentaci\u00f3n. Las referencias al registro de WE ante la SEC como asesor de inversiones no implican ning\u00fan nivel de habilidad o capacitaci\u00f3n.<\/p>\n","protected":false},"excerpt":{"rendered":"<p>Divulgaciones y Exenciones de Responsabilidad Importantes Los puntos de vista, opiniones y recomendaciones expresadas aqu\u00ed est\u00e1n sujetas a cambios sin previo aviso y solo tienen fines informativos y no deben considerarse como un consejo de inversi\u00f3n ni una oferta de ning\u00fan valor o servicio en venta. WE Family Offices, LLC (\u201cWE\u201d) y sus representantes no [&hellip;]<\/p>\n","protected":false},"author":1,"featured_media":0,"parent":0,"menu_order":0,"comment_status":"closed","ping_status":"closed","template":"","meta":{"_acf_changed":false,"footnotes":""},"class_list":["post-240943","page","type-page","status-publish","hentry"],"acf":[],"_links":{"self":[{"href":"https:\/\/www.wefamilyoffices.com\/es\/wp-json\/wp\/v2\/pages\/240943","targetHints":{"allow":["GET"]}}],"collection":[{"href":"https:\/\/www.wefamilyoffices.com\/es\/wp-json\/wp\/v2\/pages"}],"about":[{"href":"https:\/\/www.wefamilyoffices.com\/es\/wp-json\/wp\/v2\/types\/page"}],"author":[{"embeddable":true,"href":"https:\/\/www.wefamilyoffices.com\/es\/wp-json\/wp\/v2\/users\/1"}],"replies":[{"embeddable":true,"href":"https:\/\/www.wefamilyoffices.com\/es\/wp-json\/wp\/v2\/comments?post=240943"}],"version-history":[{"count":0,"href":"https:\/\/www.wefamilyoffices.com\/es\/wp-json\/wp\/v2\/pages\/240943\/revisions"}],"wp:attachment":[{"href":"https:\/\/www.wefamilyoffices.com\/es\/wp-json\/wp\/v2\/media?parent=240943"}],"curies":[{"name":"wp","href":"https:\/\/api.w.org\/{rel}","templated":true}]}}