{"id":240926,"date":"2023-01-26T19:35:34","date_gmt":"2023-01-27T00:35:34","guid":{"rendered":"https:\/\/wefamilystaging.flywheelsites.com\/internet-privacy-policy\/"},"modified":"2026-02-09T10:07:12","modified_gmt":"2026-02-09T15:07:12","slug":"politica-de-privacidad-de-internet","status":"publish","type":"page","link":"https:\/\/www.wefamilyoffices.com\/es\/politica-de-privacidad-de-internet\/","title":{"rendered":"Pol\u00edtica de Privacidad de Internet"},"content":{"rendered":"<h1>Pol\u00edtica de Privacidad de Internet<\/h1>\n<h2>Introducci\u00f3n<\/h2>\n<p>WE Family Offices LLC (&#8220;Compa\u00f1\u00eda&#8221; o &#8220;Nosotros&#8221;) respeta su privacidad y est\u00e1 comprometida a protegerla mediante nuestro cumplimiento de esta pol\u00edtica.Esta pol\u00edtica describe los tipos de informaci\u00f3n que podemos recopilar de usted o que puede proporcionar cuando visita el sitio web <a href=\"https:\/\/www.wefamilyoffices.com\/es\/\">https:\/\/www.wefamilyoffices.com<\/a> (nuestro &#8220;Sitio&#8221;) y nuestras pr\u00e1cticas para recopilar, usar, mantener, proteger y divulgar esa informaci\u00f3n.<\/p>\n<p>Esta pol\u00edtica aplica a cualquier informaci\u00f3n que recopilemos:<\/p>\n<ul>\n<li>En este Sitio, incluidos, entre otros, los formularios de recopilaci\u00f3n de datos vinculados a aplicaciones de terceros que almacenan datos en sitios web de terceros; y<\/li>\n<li>En correo electr\u00f3nico, texto y otros mensajes electr\u00f3nicos entre usted y este Sitio.<\/li>\n<\/ul>\n<p>No aplica a la informaci\u00f3n recopilada por:<\/p>\n<ul>\n<li>nosotros fuera de l\u00ednea o por cualquier otro medio, incluso en cualquier otro sitio web operado por la Compa\u00f1\u00eda o cualquier tercero (incluidas nuestras afiliadas y subsidiarias); o<\/li>\n<li>cualquier tercero (incluidas nuestras afiliadas y subsidiarias), incluso a trav\u00e9s de cualquier aplicaci\u00f3n o contenido (incluida la publicidad) que pueda vincularse o ser accesible desde o en el Sitio.<\/li>\n<\/ul>\n<p>Lea esta pol\u00edtica detenidamente para comprender nuestras pol\u00edticas y pr\u00e1cticas con respecto a su informaci\u00f3n y c\u00f3mo la procesamos. Si no est\u00e1 de acuerdo con nuestras pol\u00edticas y pr\u00e1cticas, elija no utilizar este Sitio. Al acceder o utilizar este Sitio, acepta esta Pol\u00edtica de Privacidad. Esta pol\u00edtica puede cambiar ocasionalmente (ver <a href=\"#changes\">Cambios en Nuestra Pol\u00edtica de Privacidad<\/a>, a continuaci\u00f3n). Su uso continuado de este Sitio despu\u00e9s que hacer cambios se considera que acepta dichos cambios, por lo tanto, consulte la pol\u00edtica peri\u00f3dicamente para obtener actualizaciones.<\/p>\n<h2>Menores de 13 A\u00f1os<\/h2>\n<p>Nuestro Sitio no est\u00e1 concebido para menores de 13 a\u00f1os. Nadie menor de 13 a\u00f1os puede proporcionar informaci\u00f3n personal al Sitio o en \u00e9l. No recopilamos deliberadamente informaci\u00f3n personal de menores de 13 a\u00f1os. Si es menor de 13 a\u00f1os, no utilice ni proporcione informaci\u00f3n en este Sitio o en cualquiera de sus funciones\/registro en el Sitio. Si descubrimos que hemos recopilado o recibido informaci\u00f3n personal de un menor de 13 a\u00f1os sin verificaci\u00f3n del consentimiento de los padres, eliminaremos esa informaci\u00f3n.<\/p>\n<h2>Informaci\u00f3n Que Recopilamos Sobre Usted y C\u00f3mo la Recopilamos<\/h2>\n<p>Recopilamos varios tipos de informaci\u00f3n de y sobre los usuarios de nuestro Sitio, incluida informaci\u00f3n:<\/p>\n<ul>\n<li>relacionada con usted pero que no le identifica individualmente; y\/o<\/li>\n<li>sobre su conexi\u00f3n de internet, el equipo que utiliza para acceder al Sitio y los detalles de uso;<\/li>\n<li>a menos que elija completar nuestro formulario de contacto, no recopilamos informaci\u00f3n por la cual pueda ser identificado personalmente, como su nombre, direcci\u00f3n postal, direcci\u00f3n de correo electr\u00f3nico, n\u00famero de tel\u00e9fono o n\u00famero de seguro social (&#8220;informaci\u00f3n personal&#8221;);<\/li>\n<\/ul>\n<p>Recopilamos esta informaci\u00f3n:<\/p>\n<ul>\n<li>Directamente de usted cuando nos la proporcione.<\/li>\n<li>Autom\u00e1ticamente mientras navega por el sitio. La informaci\u00f3n recopilada autom\u00e1ticamente puede incluir detalles de uso, direcciones IP e informaci\u00f3n recopilada a trav\u00e9s de cookies, \u201cbalizas web\u201d y otras tecnolog\u00edas de seguimiento que incluyen, entre otras, capturas de pantalla.<\/li>\n<\/ul>\n<h2>Informaci\u00f3n Que Usted Nos Proporciona<\/h2>\n<p>La informaci\u00f3n que recopilamos en o a trav\u00e9s de nuestro Sitio puede incluir:<\/p>\n<ul>\n<li>Informaci\u00f3n que proporciona al completar formularios en nuestro Sitio. Esto incluye la informaci\u00f3n proporcionada al momento de solicitar servicios adicionales. Tambi\u00e9n podemos pedirle informaci\u00f3n cuando usted informe de un problema con nuestro Sitio.<\/li>\n<li>Registros y copias de su correspondencia (incluidas las direcciones de correo electr\u00f3nico), si se comunica con nosotros.<\/li>\n<li>Sus consultas de b\u00fasqueda en el sitio web.<\/li>\n<\/ul>\n<h2>Informaci\u00f3n Que Recopilamos A Trav\u00e9s De Tecnolog\u00edas De Recopilaci\u00f3n Autom\u00e1tica De Datos.<\/h2>\n<p>A medida que navega e interact\u00faa con nuestro Sitio, podemos utilizar tecnolog\u00edas de recopilaci\u00f3n autom\u00e1tica de datos para recopilar cierta informaci\u00f3n sobre su equipo, acciones de navegaci\u00f3n y patrones, que incluyen:<\/p>\n<ul>\n<li>Detalles de sus visitas a nuestro Sitio, incluidos datos de tr\u00e1fico, datos de ubicaci\u00f3n, registros y otros datos de comunicaci\u00f3n y los recursos a los que accede y utiliza en el Sitio.<\/li>\n<li>Informaci\u00f3n sobre su computadora y conexi\u00f3n a internet, incluida su direcci\u00f3n IP, sistema operativo y tipo de navegador.<\/li>\n<\/ul>\n<p>La informaci\u00f3n que recopilamos autom\u00e1ticamente son datos estad\u00edsticos y no incluye informaci\u00f3n personal. Nos ayuda a mejorar nuestro Sitio y a brindar un servicio mejor y m\u00e1s personalizado, incluso permiti\u00e9ndonos:<\/p>\n<ul>\n<li>Calcular el tama\u00f1o de nuestra audiencia y los patrones de uso.<\/li>\n<li>Almacenar informaci\u00f3n sobre sus preferencias, lo que nos permite personalizar nuestro Sitio de acuerdo con sus intereses individuales.<\/li>\n<li>Acelerar sus b\u00fasquedas.<\/li>\n<li>Reconocerle cuando regrese a nuestro Sitio.<\/li>\n<\/ul>\n<p>Las tecnolog\u00edas que utilizamos para esta recopilaci\u00f3n autom\u00e1tica de datos pueden incluir:<\/p>\n<ul>\n<li><strong>Cookies (o cookies de navegador).<\/strong> Una cookie es un peque\u00f1o archivo que se coloca en el disco duro de su computadora. Puede negarse a aceptar las cookies del navegador activando la configuraci\u00f3n adecuada en su navegador. Sin embargo, si selecciona esta configuraci\u00f3n, es posible que no pueda acceder a ciertas partes de nuestro Sitio. A menos que haya ajustado la configuraci\u00f3n de su navegador para que rechace las cookies, nuestro sistema emitir\u00e1 cookies cuando dirija su navegador a nuestro sitio web.<\/li>\n<li><strong>Cookies Flash.<\/strong> Ciertas funciones de nuestro Sitio pueden utilizar objetos almacenados localmente (o cookies Flash) para recopilar y almacenar informaci\u00f3n sobre sus preferencias y navegaci\u00f3n hacia, desde y en nuestro Sitio. Las cookies flash no se administran con la misma configuraci\u00f3n del navegador que se utilizan para las cookies del navegador. Para obtener informaci\u00f3n sobre c\u00f3mo administrar su configuraci\u00f3n de privacidad y seguridad para las cookies Flash, consulte Opciones sobre c\u00f3mo usamos y divulgamos su informaci\u00f3n..<\/li>\n<li><strong>Balizas Web.<\/strong> Las p\u00e1ginas de nuestro Sitio pueden contener peque\u00f1os archivos electr\u00f3nicos conocidos como \u201cbalizas web\u201d (tambi\u00e9n denominados gifs transparentes, etiquetas de p\u00edxeles y gifs de un solo p\u00edxel) que permiten a la Compa\u00f1\u00eda, por ejemplo, contar los usuarios que han visitado esas p\u00e1ginas y para otras estad\u00edsticas relacionadas del sitio web (por ejemplo, registrar la popularidad de cierto contenido del sitio web y verificar la integridad del sistema y del servidor).<\/li>\n<li><strong>Captura de Pantalla.<\/strong> Si ingresa a nuestro Sitio, podemos usar una aplicaci\u00f3n de software que nos permita registrar y reproducir datos an\u00f3nimos de su visita al sitio web para permitirnos hacer mapas de calor de uso del sitio web y de la p\u00e1gina web y mejorar el dise\u00f1o y la facilidad de uso del Sitio.<\/li>\n<\/ul>\n<p>C\u00f3mo Usamos Su Informaci\u00f3n<\/p>\n<p>Usamos la informaci\u00f3n que recopilamos sobre usted o que nos proporciona, incluida cualquier informaci\u00f3n personal:<\/p>\n<ul>\n<li>Para presentarle nuestro sitio y sus contenidos.<\/li>\n<li>Para brindarle informaci\u00f3n, productos o servicios que nos solicite.<\/li>\n<li>para cualquier otro prop\u00f3sito con su consentimiento.<\/li>\n<\/ul>\n<h2>C\u00f3mo Usamos Su Informaci\u00f3n<\/h2>\n<p>Usamos la informaci\u00f3n que recopilamos sobre usted o que nos proporciona, incluida cualquier informaci\u00f3n personal:<\/p>\n<ul>\n<li>Para presentarle nuestro sitio y sus contenidos.<\/li>\n<li>Para brindarle informaci\u00f3n, productos o servicios que nos solicite.<\/li>\n<li>para cualquier otro prop\u00f3sito con su consentimiento.<\/li>\n<\/ul>\n<h2>Divulgaci\u00f3n de Su Informaci\u00f3n<\/h2>\n<p>Podemos divulgar informaci\u00f3n agregada sobre nuestros usuarios e informaci\u00f3n que no identifica a ning\u00fan individuo, sin restricci\u00f3n.<\/p>\n<h2>Opciones Sobre C\u00f3mo Usamos y Divulgamos Su Informaci\u00f3n<\/h2>\n<p>Nos esforzamos por ofrecerle opciones con respecto a la informaci\u00f3n personal que nos proporciona. Hemos creado mecanismos para brindarle el siguiente control sobre su informaci\u00f3n:<\/p>\n<ul>\n<li id=\"changes\"><strong>Tecnolog\u00edas de Seguimiento y Publicidad.<\/strong>\u00a0Puede configurar su navegador para rechazar todas o algunas cookies del navegador, o para que le avise cuando se env\u00eden cookies. Para saber c\u00f3mo puede administrar su configuraci\u00f3n de cookies Flash, visite la p\u00e1gina de configuraci\u00f3n del reproductor Flash en el sitio web de Adobe. Si deshabilita o rechaza las cookies, tenga en cuenta que algunas partes de este sitio pueden ser inaccesibles o no funcionar correctamente.<\/li>\n<\/ul>\n<h2>Cambios a Nuestra Pol\u00edtica de Privacidad<\/h2>\n<p>Es nuestra pol\u00edtica publicar cualquier cambio que hagamos en nuestra pol\u00edtica de privacidad en esta p\u00e1gina. La fecha de la \u00faltima revisi\u00f3n de la pol\u00edtica de privacidad se identifica en la parte superior de la p\u00e1gina. Usted es responsable de visitar peri\u00f3dicamente nuestro Sitio y esta pol\u00edtica de privacidad para verificar cualquier cambio.<\/p>\n<h2>Informaci\u00f3n del Contacto<\/h2>\n<p>Si tiene preguntas o comentarios sobre esta pol\u00edtica de privacidad y nuestras pr\u00e1cticas de privacidad,\u00a0<a href=\"https:\/\/www.wefamilyoffices.com\/es\/contactar-family-offices\/\">comun\u00edquese con nosotros<\/a>.<\/p>\n","protected":false},"excerpt":{"rendered":"<p>Pol\u00edtica de Privacidad de Internet Introducci\u00f3n WE Family Offices LLC (&#8220;Compa\u00f1\u00eda&#8221; o &#8220;Nosotros&#8221;) respeta su privacidad y est\u00e1 comprometida a protegerla mediante nuestro cumplimiento de esta pol\u00edtica.Esta pol\u00edtica describe los tipos de informaci\u00f3n que podemos recopilar de usted o que puede proporcionar cuando visita el sitio web https:\/\/www.wefamilyoffices.com (nuestro &#8220;Sitio&#8221;) y nuestras pr\u00e1cticas para recopilar, [&hellip;]<\/p>\n","protected":false},"author":1,"featured_media":0,"parent":0,"menu_order":0,"comment_status":"closed","ping_status":"closed","template":"","meta":{"_acf_changed":false,"footnotes":""},"class_list":["post-240926","page","type-page","status-publish","hentry"],"acf":[],"_links":{"self":[{"href":"https:\/\/www.wefamilyoffices.com\/es\/wp-json\/wp\/v2\/pages\/240926","targetHints":{"allow":["GET"]}}],"collection":[{"href":"https:\/\/www.wefamilyoffices.com\/es\/wp-json\/wp\/v2\/pages"}],"about":[{"href":"https:\/\/www.wefamilyoffices.com\/es\/wp-json\/wp\/v2\/types\/page"}],"author":[{"embeddable":true,"href":"https:\/\/www.wefamilyoffices.com\/es\/wp-json\/wp\/v2\/users\/1"}],"replies":[{"embeddable":true,"href":"https:\/\/www.wefamilyoffices.com\/es\/wp-json\/wp\/v2\/comments?post=240926"}],"version-history":[{"count":0,"href":"https:\/\/www.wefamilyoffices.com\/es\/wp-json\/wp\/v2\/pages\/240926\/revisions"}],"wp:attachment":[{"href":"https:\/\/www.wefamilyoffices.com\/es\/wp-json\/wp\/v2\/media?parent=240926"}],"curies":[{"name":"wp","href":"https:\/\/api.w.org\/{rel}","templated":true}]}}